{"id":224,"date":"2021-09-15T19:09:55","date_gmt":"2021-09-15T19:09:55","guid":{"rendered":"https:\/\/zeltazieds.lv\/?page_id=224"},"modified":"2025-06-09T11:10:18","modified_gmt":"2025-06-09T11:10:18","slug":"galerija","status":"publish","type":"page","link":"https:\/\/zeltazieds.lv\/?page_id=224","title":{"rendered":"Galerija"},"content":{"rendered":"\n\n\n<div class=\"alignfull wp-block-ugb-container ugb-container ugb-439f111 ugb-container--v2 ugb-container--design-plain ugb-main-block\"><style>@media screen and (min-width:768px){.ugb-439f111.ugb-container{padding-right:35px !important;padding-bottom:29px !important;padding-left:35px !important}}@media screen and (min-width:768px){.ugb-439f111 > .ugb-inner-block > .ugb-block-content > *{padding-top:0px !important;padding-bottom:0px !important;padding-right:0px !important;padding-left:0px !important}}<\/style><div class=\"ugb-inner-block\"><div class=\"ugb-block-content\"><div class=\"ugb-container__wrapper ugb-439f111-wrapper\"><div class=\"ugb-container__side\"><div class=\"ugb-container__content-wrapper ugb-439f111-content-wrapper\">\n<div class=\"wp-block-ugb-heading ugb-heading ugb-06d1d8b ugb-main-block\"><style>.ugb-06d1d8b .ugb-heading__title{color:#795272;font-family:\"Great Vibes\",Sans-serif !important;font-size:88px !important;text-align:center}.ugb-06d1d8b .ugb-inner-block{text-align:center}@media screen and (min-width:768px){.ugb-06d1d8b.ugb-heading{margin-top:27px !important;margin-bottom:0px !important}}@media screen and (max-width:1025px){.ugb-06d1d8b .ugb-heading__title{font-size:50px !important}}<\/style><div class=\"ugb-inner-block\"><div class=\"ugb-block-content\"><h3 class=\"ugb-heading__title\">~ Galerija ~<\/h3><\/div><\/div><\/div>\n\n\n\n<div class=\"aligncenter wp-block-ugb-image-box ugb-image-box ugb-fd77a4a ugb-image-box--v4 ugb-image-box--columns-2 ugb-image-box--design-plain ugb-image-box--align-center ugb-main-block\"><style>.ugb-fd77a4a .ugb-image-box__box{border-radius:0px !important}.ugb-fd77a4a .ugb-image-box__item{height:277px !important;justify-content:flex-end !important}.ugb-fd77a4a .ugb-image-box__item1 .ugb-image-box__image{background-image:url(https:\/\/zeltazieds.lv\/wp-content\/uploads\/2021\/09\/ZeltaZieds_Svetku-5.jpeg)}.ugb-fd77a4a .ugb-image-box__item2 .ugb-image-box__image{background-image:url(https:\/\/zeltazieds.lv\/wp-content\/uploads\/2021\/09\/ZeltaZieds_Kompozicijas-10.jpeg)}.ugb-fd77a4a .ugb-image-box__overlay{background-image:linear-gradient(360deg,var(--theme-palette-color-4,#0a0500) 8%,var(--theme-palette-color-2,#fcb424) 40%) !important}.ugb-fd77a4a .ugb-image-box__item:not(:hover) .ugb-image-box__overlay{opacity:0.1 !important}.ugb-fd77a4a .ugb-image-box__overlay-hover{background-color:var(--theme-palette-color-4,#0a0500) !important}.ugb-fd77a4a .ugb-image-box__item:hover .ugb-image-box__overlay-hover{opacity:0.3 !important}.ugb-fd77a4a .ugb-image-box__title{font-family:\"Great Vibes\",Sans-serif !important;font-size:53px !important;font-weight:400 !important;letter-spacing:3.3px !important;line-height:1.9em !important;color:var(--theme-palette-color-5,#edeff2) !important;margin-bottom:39px !important}.ugb-fd77a4a .ugb-inner-block{text-align:center}.ugb-fd77a4a.ugb-image-box{opacity:1 !important}@media screen and (min-width:768px){.ugb-fd77a4a.ugb-image-box{margin-bottom:-22px !important}}@media screen and (max-width:1025px){.ugb-fd77a4a .ugb-image-box__title{font-size:50px !important}}@media screen and (min-width:768px){.ugb-fd77a4a > .ugb-inner-block > .ugb-block-content > *{padding-top:0px !important;padding-bottom:0px !important;padding-right:0px !important;padding-left:0px !important}}<\/style><div class=\"ugb-inner-block\"><div class=\"ugb-block-content\"><div class=\"ugb-image-box__item ugb-image-box__item1 ugb-image-box__box ugb--shadow-8\"><div class=\"ugb-image-box__box ugb-image-box__image-wrapper\"><div class=\"ugb-image-box__box ugb-image-box__image\" role=\"img\" aria-label=\"Kompoz\u012bcijas\"><\/div><\/div><div class=\"ugb-image-box__box ugb-image-box__overlay\"><\/div><div class=\"ugb-image-box__box ugb-image-box__overlay-hover\"><\/div><div class=\"ugb-image-box__content\"><div class=\"ugb-image-box__header\"><h3 class=\"ugb-image-box__title\">Kompoz\u012bcijas<\/h3><\/div><\/div><a class=\"ugb-image-box__overlay-link\" href=\"https:\/\/zeltazieds.lv\/?page_id=331\" title=\"Kompoz\u012bcijas\" aria-label=\"Kompoz\u012bcijas\"><\/a><\/div><div class=\"ugb-image-box__item ugb-image-box__item2 ugb-image-box__box ugb--shadow-8\"><div class=\"ugb-image-box__box ugb-image-box__image-wrapper\"><div class=\"ugb-image-box__box ugb-image-box__image\" role=\"img\" aria-label=\"Sv\u0113tku Ziedi\"><\/div><\/div><div class=\"ugb-image-box__box ugb-image-box__overlay\"><\/div><div class=\"ugb-image-box__box ugb-image-box__overlay-hover\"><\/div><div class=\"ugb-image-box__content\"><div class=\"ugb-image-box__header\"><h3 class=\"ugb-image-box__title\">Sv\u0113tku Ziedi<\/h3><\/div><\/div><a class=\"ugb-image-box__overlay-link\" href=\"https:\/\/zeltazieds.lv\/?page_id=395\" title=\"Sv\u0113tku Ziedi\" aria-label=\"Sv\u0113tku Ziedi\"><\/a><\/div><\/div><\/div><\/div>\n<\/div><\/div><\/div><\/div><\/div><\/div>\n","protected":false},"excerpt":{"rendered":"","protected":false},"author":1,"featured_media":0,"parent":0,"menu_order":0,"comment_status":"closed","ping_status":"closed","template":"","meta":{"two_page_speed":{"previous_score":{"desktop_score":75,"desktop_tti":"2.3\u00a0","mobile_score":56.99999999999999,"mobile_tti":"7.3\u00a0","date":"15.07.2023 01:58:49 pm","status":"completed"},"current_score":{"desktop_score":98,"desktop_tti":"0.9\u00a0","mobile_score":90,"mobile_tti":"3.0\u00a0","date":"07.01.2025 02:14:38 pm","status":"completed"}},"footnotes":""},"class_list":["post-224","page","type-page","status-publish","hentry"],"blocksy_meta":{"styles_descriptor":{"styles":{"desktop":"","tablet":"","mobile":""},"google_fonts":[],"version":6}},"featured_image_urls":{"full":"","thumbnail":"","medium":"","medium_large":"","large":"","1536x1536":"","2048x2048":"","tenweb_optimizer_mobile":"","tenweb_optimizer_tablet":""},"post_excerpt_stackable":"<p>~ Galerija ~ Kompoz\u012bcijasSv\u0113tku Ziedi<\/p>\n","category_list":"","author_info":{"name":"root","url":"https:\/\/zeltazieds.lv\/?author=1"},"comments_num":"0 comments","featured_image_urls_v2":{"full":"","thumbnail":"","medium":"","medium_large":"","large":"","1536x1536":"","2048x2048":"","tenweb_optimizer_mobile":"","tenweb_optimizer_tablet":""},"post_excerpt_stackable_v2":"<p>~ Galerija ~ Kompoz\u012bcijasSv\u0113tku Ziedi<\/p>\n","category_list_v2":"","author_info_v2":{"name":"root","url":"https:\/\/zeltazieds.lv\/?author=1"},"comments_num_v2":"0 comments","yoast_head":"<!-- This site is optimized with the Yoast SEO plugin v27.5 - https:\/\/yoast.com\/product\/yoast-seo-wordpress\/ -->\n<title>Galerija - Zelta Zieds<\/title>\n<meta name=\"description\" content=\"ZeltZieds galerija, Kompoz\u012bcijas, Sv\u0113tku ziedi, K\u0101zu Floristika, S\u0113ru Ziedi\" \/>\n<meta name=\"robots\" content=\"index, follow, max-snippet:-1, max-image-preview:large, max-video-preview:-1\" \/>\n<link rel=\"canonical\" href=\"https:\/\/zeltazieds.lv\/?page_id=224\" \/>\n<meta property=\"og:locale\" content=\"en_US\" \/>\n<meta property=\"og:type\" content=\"article\" \/>\n<meta property=\"og:title\" content=\"Galerija - Zelta Zieds\" \/>\n<meta property=\"og:description\" content=\"ZeltZieds galerija, Kompoz\u012bcijas, Sv\u0113tku ziedi, K\u0101zu Floristika, S\u0113ru Ziedi\" \/>\n<meta property=\"og:url\" content=\"https:\/\/zeltazieds.lv\/?page_id=224\" \/>\n<meta property=\"og:site_name\" content=\"Zelta Zieds\" \/>\n<meta property=\"article:publisher\" content=\"https:\/\/www.facebook.com\/zeltazieds\/\" \/>\n<meta property=\"article:modified_time\" content=\"2025-06-09T11:10:18+00:00\" \/>\n<meta name=\"twitter:card\" content=\"summary_large_image\" \/>\n<script type=\"application\/ld+json\" class=\"yoast-schema-graph\">{\"@context\":\"https:\\\/\\\/schema.org\",\"@graph\":[{\"@type\":\"WebPage\",\"@id\":\"https:\\\/\\\/zeltazieds.lv\\\/?page_id=224\",\"url\":\"https:\\\/\\\/zeltazieds.lv\\\/?page_id=224\",\"name\":\"Galerija - Zelta Zieds\",\"isPartOf\":{\"@id\":\"https:\\\/\\\/zeltazieds.lv\\\/#website\"},\"datePublished\":\"2021-09-15T19:09:55+00:00\",\"dateModified\":\"2025-06-09T11:10:18+00:00\",\"description\":\"ZeltZieds galerija, Kompoz\u012bcijas, Sv\u0113tku ziedi, K\u0101zu Floristika, S\u0113ru Ziedi\",\"breadcrumb\":{\"@id\":\"https:\\\/\\\/zeltazieds.lv\\\/?page_id=224#breadcrumb\"},\"inLanguage\":\"en-US\",\"potentialAction\":[{\"@type\":\"ReadAction\",\"target\":[\"https:\\\/\\\/zeltazieds.lv\\\/?page_id=224\"]}]},{\"@type\":\"BreadcrumbList\",\"@id\":\"https:\\\/\\\/zeltazieds.lv\\\/?page_id=224#breadcrumb\",\"itemListElement\":[{\"@type\":\"ListItem\",\"position\":1,\"name\":\"S\u0101kums\",\"item\":\"https:\\\/\\\/zeltazieds.lv\\\/\"},{\"@type\":\"ListItem\",\"position\":2,\"name\":\"Galerija\"}]},{\"@type\":\"WebSite\",\"@id\":\"https:\\\/\\\/zeltazieds.lv\\\/#website\",\"url\":\"https:\\\/\\\/zeltazieds.lv\\\/\",\"name\":\"ZeltaZieds\",\"description\":\"Ziedi Jums\",\"publisher\":{\"@id\":\"https:\\\/\\\/zeltazieds.lv\\\/#organization\"},\"potentialAction\":[{\"@type\":\"SearchAction\",\"target\":{\"@type\":\"EntryPoint\",\"urlTemplate\":\"https:\\\/\\\/zeltazieds.lv\\\/?s={search_term_string}\"},\"query-input\":{\"@type\":\"PropertyValueSpecification\",\"valueRequired\":true,\"valueName\":\"search_term_string\"}}],\"inLanguage\":\"en-US\"},{\"@type\":\"Organization\",\"@id\":\"https:\\\/\\\/zeltazieds.lv\\\/#organization\",\"name\":\"ZeltaZieds\",\"url\":\"https:\\\/\\\/zeltazieds.lv\\\/\",\"logo\":{\"@type\":\"ImageObject\",\"inLanguage\":\"en-US\",\"@id\":\"https:\\\/\\\/zeltazieds.lv\\\/#\\\/schema\\\/logo\\\/image\\\/\",\"url\":\"https:\\\/\\\/zeltazieds.lv\\\/wp-content\\\/uploads\\\/2021\\\/09\\\/ZZ_Logo.png\",\"contentUrl\":\"https:\\\/\\\/zeltazieds.lv\\\/wp-content\\\/uploads\\\/2021\\\/09\\\/ZZ_Logo.png\",\"width\":516,\"height\":195,\"caption\":\"ZeltaZieds\"},\"image\":{\"@id\":\"https:\\\/\\\/zeltazieds.lv\\\/#\\\/schema\\\/logo\\\/image\\\/\"},\"sameAs\":[\"https:\\\/\\\/www.facebook.com\\\/zeltazieds\\\/\",\"https:\\\/\\\/www.instagram.com\\\/zeltazieds_ventspils\\\/\"]}]}<\/script>\n<!-- \/ Yoast SEO plugin. -->","yoast_head_json":{"title":"Galerija - Zelta Zieds","description":"ZeltZieds galerija, Kompoz\u012bcijas, Sv\u0113tku ziedi, K\u0101zu Floristika, S\u0113ru Ziedi","robots":{"index":"index","follow":"follow","max-snippet":"max-snippet:-1","max-image-preview":"max-image-preview:large","max-video-preview":"max-video-preview:-1"},"canonical":"https:\/\/zeltazieds.lv\/?page_id=224","og_locale":"en_US","og_type":"article","og_title":"Galerija - Zelta Zieds","og_description":"ZeltZieds galerija, Kompoz\u012bcijas, Sv\u0113tku ziedi, K\u0101zu Floristika, S\u0113ru Ziedi","og_url":"https:\/\/zeltazieds.lv\/?page_id=224","og_site_name":"Zelta Zieds","article_publisher":"https:\/\/www.facebook.com\/zeltazieds\/","article_modified_time":"2025-06-09T11:10:18+00:00","twitter_card":"summary_large_image","schema":{"@context":"https:\/\/schema.org","@graph":[{"@type":"WebPage","@id":"https:\/\/zeltazieds.lv\/?page_id=224","url":"https:\/\/zeltazieds.lv\/?page_id=224","name":"Galerija - Zelta Zieds","isPartOf":{"@id":"https:\/\/zeltazieds.lv\/#website"},"datePublished":"2021-09-15T19:09:55+00:00","dateModified":"2025-06-09T11:10:18+00:00","description":"ZeltZieds galerija, Kompoz\u012bcijas, Sv\u0113tku ziedi, K\u0101zu Floristika, S\u0113ru Ziedi","breadcrumb":{"@id":"https:\/\/zeltazieds.lv\/?page_id=224#breadcrumb"},"inLanguage":"en-US","potentialAction":[{"@type":"ReadAction","target":["https:\/\/zeltazieds.lv\/?page_id=224"]}]},{"@type":"BreadcrumbList","@id":"https:\/\/zeltazieds.lv\/?page_id=224#breadcrumb","itemListElement":[{"@type":"ListItem","position":1,"name":"S\u0101kums","item":"https:\/\/zeltazieds.lv\/"},{"@type":"ListItem","position":2,"name":"Galerija"}]},{"@type":"WebSite","@id":"https:\/\/zeltazieds.lv\/#website","url":"https:\/\/zeltazieds.lv\/","name":"ZeltaZieds","description":"Ziedi Jums","publisher":{"@id":"https:\/\/zeltazieds.lv\/#organization"},"potentialAction":[{"@type":"SearchAction","target":{"@type":"EntryPoint","urlTemplate":"https:\/\/zeltazieds.lv\/?s={search_term_string}"},"query-input":{"@type":"PropertyValueSpecification","valueRequired":true,"valueName":"search_term_string"}}],"inLanguage":"en-US"},{"@type":"Organization","@id":"https:\/\/zeltazieds.lv\/#organization","name":"ZeltaZieds","url":"https:\/\/zeltazieds.lv\/","logo":{"@type":"ImageObject","inLanguage":"en-US","@id":"https:\/\/zeltazieds.lv\/#\/schema\/logo\/image\/","url":"https:\/\/zeltazieds.lv\/wp-content\/uploads\/2021\/09\/ZZ_Logo.png","contentUrl":"https:\/\/zeltazieds.lv\/wp-content\/uploads\/2021\/09\/ZZ_Logo.png","width":516,"height":195,"caption":"ZeltaZieds"},"image":{"@id":"https:\/\/zeltazieds.lv\/#\/schema\/logo\/image\/"},"sameAs":["https:\/\/www.facebook.com\/zeltazieds\/","https:\/\/www.instagram.com\/zeltazieds_ventspils\/"]}]}},"jetpack_sharing_enabled":true,"_links":{"self":[{"href":"https:\/\/zeltazieds.lv\/index.php?rest_route=\/wp\/v2\/pages\/224","targetHints":{"allow":["GET"]}}],"collection":[{"href":"https:\/\/zeltazieds.lv\/index.php?rest_route=\/wp\/v2\/pages"}],"about":[{"href":"https:\/\/zeltazieds.lv\/index.php?rest_route=\/wp\/v2\/types\/page"}],"author":[{"embeddable":true,"href":"https:\/\/zeltazieds.lv\/index.php?rest_route=\/wp\/v2\/users\/1"}],"replies":[{"embeddable":true,"href":"https:\/\/zeltazieds.lv\/index.php?rest_route=%2Fwp%2Fv2%2Fcomments&post=224"}],"version-history":[{"count":45,"href":"https:\/\/zeltazieds.lv\/index.php?rest_route=\/wp\/v2\/pages\/224\/revisions"}],"predecessor-version":[{"id":1151,"href":"https:\/\/zeltazieds.lv\/index.php?rest_route=\/wp\/v2\/pages\/224\/revisions\/1151"}],"wp:attachment":[{"href":"https:\/\/zeltazieds.lv\/index.php?rest_route=%2Fwp%2Fv2%2Fmedia&parent=224"}],"curies":[{"name":"wp","href":"https:\/\/api.w.org\/{rel}","templated":true}]}}